{"id":236,"date":"2024-01-09T16:47:39","date_gmt":"2024-01-09T16:47:39","guid":{"rendered":"https:\/\/tulon.cz\/blog\/?page_id=236"},"modified":"2024-01-09T16:47:39","modified_gmt":"2024-01-09T16:47:39","slug":"auto-moto","status":"publish","type":"page","link":"http:\/\/tulon.cz\/blog\/auto-moto\/","title":{"rendered":"Auto\/Moto"},"content":{"rendered":"\n<p>Writing about cars and motorbikes. Mixed-language Czech\/English (you can filter using tags).<\/p>\n\n\n\n<div class=\"wp-block-query is-layout-flow wp-block-query-is-layout-flow\"><ul class=\"wp-block-post-template is-layout-flow wp-block-post-template-is-layout-flow\"><li class=\"wp-block-post post-256 post type-post status-publish format-standard hentry category-auto-moto\">\n<h2 class=\"wp-block-post-title\"><a href=\"http:\/\/tulon.cz\/blog\/what-car-do-i-have\/\" target=\"_self\" >What car do I have?<\/a><\/h2>\n\n\n\n<div class=\"wp-block-post-excerpt\"><p class=\"wp-block-post-excerpt__excerpt\">First, ask me what engine. Because that&#8217;s the foundation of my choice. <\/p><\/div>\n\n\n<hr class=\"wp-block-separator has-css-opacity\"\/>\n\n\n<div class=\"wp-block-post-date\"><time datetime=\"2024-01-09T17:40:26+00:00\">2024-01-09<\/time><\/div>\n<\/li><li class=\"wp-block-post post-61 post type-post status-publish format-standard hentry category-auto-moto\">\n<h2 class=\"wp-block-post-title\"><a href=\"http:\/\/tulon.cz\/blog\/cukani-dieselu-nevyreseno-nebyla-to-vaha-vzduchu\/\" target=\"_self\" >Cuk\u00e1n\u00ed dieselu <s>vy\u0159e\u0161eno<\/s>: <i>ne<\/i>byla to v\u00e1ha vzduchu (a spolehlivostn\u00ed in\u017een\u00fdrstv\u00ed prakticky)<\/a><\/h2>\n\n\n\n<div class=\"wp-block-post-excerpt\"><p class=\"wp-block-post-excerpt__excerpt\">Naposledy jsme se rozlou\u010dili m\u00fdm zoufalstv\u00edm z cuk\u00e1n\u00ed na turbodieselu. Svou malou diagnostickou jednotkou jsem se dobral toho, \u017ee z\u00e1vada spo\u010d\u00edv\u00e1 ve ventilu EGR, kde zcela zjevn\u011b doch\u00e1zelo k ne\u017e\u00e1douc\u00edm zesiluj\u00edc\u00edm oscilac\u00edm s nekone\u010dnou kladnou zp\u011btnou vazbou: <\/p><\/div>\n\n\n<hr class=\"wp-block-separator has-css-opacity\"\/>\n\n\n<div class=\"wp-block-post-date\"><time datetime=\"2022-02-05T17:26:34+00:00\">2022-02-05<\/time><\/div>\n<\/li><li class=\"wp-block-post post-12 post type-post status-publish format-standard hentry category-auto-moto\">\n<h2 class=\"wp-block-post-title\"><a href=\"http:\/\/tulon.cz\/blog\/muj-nedobrovolny-turbodiesel-se-mi-vymstil\/\" target=\"_self\" >M\u016fj nedobrovoln\u00fd turbodiesel (se mi vymstil)<\/a><\/h2>\n\n\n\n<div class=\"wp-block-post-excerpt\"><p class=\"wp-block-post-excerpt__excerpt\">Nikdy jsem necht\u011bl diesel. A nikdy jsem necht\u011bl turbo. A u\u017e v\u016fbec ne p\u0159\u00edm\u00e9 vst\u0159ikov\u00e1n\u00ed. P\u0159esto jsem u nich skon\u010dil &#8211; a samoz\u0159ejm\u011b se mi to vymstilo. <\/p><\/div>\n\n\n<hr class=\"wp-block-separator has-css-opacity\"\/>\n\n\n<div class=\"wp-block-post-date\"><time datetime=\"2021-11-15T15:39:50+00:00\">2021-11-15<\/time><\/div>\n<\/li><\/ul><\/div>\n","protected":false},"excerpt":{"rendered":"<p>Writing about cars and motorbikes. Mixed-language Czech\/English (you can filter using tags).<\/p>\n","protected":false},"author":1,"featured_media":0,"parent":0,"menu_order":0,"comment_status":"closed","ping_status":"closed","template":"","meta":{"footnotes":""},"_links":{"self":[{"href":"http:\/\/tulon.cz\/blog\/wp-json\/wp\/v2\/pages\/236"}],"collection":[{"href":"http:\/\/tulon.cz\/blog\/wp-json\/wp\/v2\/pages"}],"about":[{"href":"http:\/\/tulon.cz\/blog\/wp-json\/wp\/v2\/types\/page"}],"author":[{"embeddable":true,"href":"http:\/\/tulon.cz\/blog\/wp-json\/wp\/v2\/users\/1"}],"replies":[{"embeddable":true,"href":"http:\/\/tulon.cz\/blog\/wp-json\/wp\/v2\/comments?post=236"}],"version-history":[{"count":1,"href":"http:\/\/tulon.cz\/blog\/wp-json\/wp\/v2\/pages\/236\/revisions"}],"predecessor-version":[{"id":238,"href":"http:\/\/tulon.cz\/blog\/wp-json\/wp\/v2\/pages\/236\/revisions\/238"}],"wp:attachment":[{"href":"http:\/\/tulon.cz\/blog\/wp-json\/wp\/v2\/media?parent=236"}],"curies":[{"name":"wp","href":"https:\/\/api.w.org\/{rel}","templated":true}]}}