{"id":244,"date":"2024-01-09T16:56:41","date_gmt":"2024-01-09T16:56:41","guid":{"rendered":"https:\/\/tulon.cz\/blog\/?page_id=244"},"modified":"2024-01-09T16:56:41","modified_gmt":"2024-01-09T16:56:41","slug":"others","status":"publish","type":"page","link":"https:\/\/tulon.cz\/blog\/others\/","title":{"rendered":"Others"},"content":{"rendered":"\n<p>What didn&#8217;t fit elsewhere<\/p>\n\n\n\n<div class=\"wp-block-query is-layout-flow wp-block-query-is-layout-flow\"><ul class=\"wp-block-post-template is-layout-flow wp-block-post-template-is-layout-flow\"><li class=\"wp-block-post post-259 post type-post status-publish format-standard hentry category-others tag-dslr tag-foto tag-langcs tag-nikon tag-photo\">\n<h2 class=\"wp-block-post-title\"><a href=\"https:\/\/tulon.cz\/blog\/the-tough-fx-dslr-choice-nikon-d750-or-d810-considering-night-city-photography\/\" target=\"_self\" >The tough FX DSLR choice: Nikon D750 or D810 considering night city photography?<\/a><\/h2>\n\n\n\n<div class=\"wp-block-post-excerpt\"><p class=\"wp-block-post-excerpt__excerpt\">I&#8217;ve always shot about a decade-old camera bodies, since only that can I afford. First a then-9-year old Nikon D90, then I&#8217;ve upgraded to currently 12 years old D7000 purely to get better low-light, resp. higher-ISO performance. But recently on a Christmas indoor shoot, my DSLR was outshoot at ISO6400 by some darn chinese smartphone!&#8230; <\/p><\/div>\n\n\n<hr class=\"wp-block-separator has-css-opacity\"\/>\n\n\n<div class=\"wp-block-post-date\"><time datetime=\"2024-01-12T17:01:08+00:00\">2024-01-12<\/time><\/div>\n<\/li><li class=\"wp-block-post post-95 post type-post status-publish format-standard hentry category-others\">\n<h2 class=\"wp-block-post-title\"><a href=\"https:\/\/tulon.cz\/blog\/my-42prague-piscine-experience\/\" target=\"_self\" >My 42Prague Piscine experience<\/a><\/h2>\n\n\n\n<div class=\"wp-block-post-excerpt\"><p class=\"wp-block-post-excerpt__excerpt\">One morning on my way to my day job as Senior SW Engineer (actually SDET combined with SW Safety\/Raliability), I saw a billboard advertising a free coding school in Prague &#8211; 42Prague.com. It aroused my curiosity. I snapped a photo to remember the URL later &#8211; and forgot about it. When I remembered and scouted&#8230; <\/p><\/div>\n\n\n<hr class=\"wp-block-separator has-css-opacity\"\/>\n\n\n<div class=\"wp-block-post-date\"><time datetime=\"2023-12-11T18:08:30+00:00\">2023-12-11<\/time><\/div>\n<\/li><li class=\"wp-block-post post-54 post type-post status-publish format-standard hentry category-others\">\n<h2 class=\"wp-block-post-title\"><a href=\"https:\/\/tulon.cz\/blog\/ve-fronte-na-pcr-ani-vyjimka-na-smrtelne-vazne-autoimunitni-onemocneni-neomlouva\/\" target=\"_self\" >Ve front\u011b na PCR: ani v\u00fdjimka na smrteln\u011b v\u00e1\u017en\u00e9 autoimunitn\u00ed onemocn\u011bn\u00ed neomlouv\u00e1<\/a><\/h2>\n\n\n\n<div class=\"wp-block-post-excerpt\"><p class=\"wp-block-post-excerpt__excerpt\">Mus\u00edm se te\u010f PCR testovat ka\u017ed\u00fd t\u0159et\u00ed den, proto\u017ee jinak by mn\u011b vl\u00e1da nepustila k porodu s mou \u017eenou. A dnes 22.11. to bylo opravdu smutn\u00e9 &#8211; ve front\u011b p\u0159ede mnou (T)estova\u010di rozplakali (S)le\u010dnu l\u00e9\u010denou na velmi v\u00e1\u017enou autoimunitn\u00ed nemoc. Prob\u011bhlo to asi takhle: <\/p><\/div>\n\n\n<hr class=\"wp-block-separator has-css-opacity\"\/>\n\n\n<div class=\"wp-block-post-date\"><time datetime=\"2021-11-22T18:46:15+00:00\">2021-11-22<\/time><\/div>\n<\/li><\/ul><\/div>\n","protected":false},"excerpt":{"rendered":"<p>What didn&#8217;t fit elsewhere<\/p>\n","protected":false},"author":1,"featured_media":0,"parent":0,"menu_order":0,"comment_status":"closed","ping_status":"closed","template":"","meta":{"footnotes":""},"_links":{"self":[{"href":"https:\/\/tulon.cz\/blog\/wp-json\/wp\/v2\/pages\/244"}],"collection":[{"href":"https:\/\/tulon.cz\/blog\/wp-json\/wp\/v2\/pages"}],"about":[{"href":"https:\/\/tulon.cz\/blog\/wp-json\/wp\/v2\/types\/page"}],"author":[{"embeddable":true,"href":"https:\/\/tulon.cz\/blog\/wp-json\/wp\/v2\/users\/1"}],"replies":[{"embeddable":true,"href":"https:\/\/tulon.cz\/blog\/wp-json\/wp\/v2\/comments?post=244"}],"version-history":[{"count":1,"href":"https:\/\/tulon.cz\/blog\/wp-json\/wp\/v2\/pages\/244\/revisions"}],"predecessor-version":[{"id":246,"href":"https:\/\/tulon.cz\/blog\/wp-json\/wp\/v2\/pages\/244\/revisions\/246"}],"wp:attachment":[{"href":"https:\/\/tulon.cz\/blog\/wp-json\/wp\/v2\/media?parent=244"}],"curies":[{"name":"wp","href":"https:\/\/api.w.org\/{rel}","templated":true}]}}